{"id":163,"date":"2026-01-08T16:49:43","date_gmt":"2026-01-08T16:49:43","guid":{"rendered":"http:\/\/www.sarip.vlab.fi\/wp\/?page_id=163"},"modified":"2026-01-09T19:31:20","modified_gmt":"2026-01-09T17:31:20","slug":"the-beanin-blogissa-arjesta-ja-juhlasta-ystavista-ja-tietenkin-kahvista","status":"publish","type":"page","link":"http:\/\/www.sarip.vlab.fi\/wp\/the-beanin-blogissa-arjesta-ja-juhlasta-ystavista-ja-tietenkin-kahvista\/","title":{"rendered":"The Beanin blogissa arjesta ja juhlasta, yst\u00e4vist\u00e4 ja tietenkin kahvista"},"content":{"rendered":"\n<div class=\"wp-block-group alignfull featured-post-banner has-primary-background-color has-background has-global-padding is-layout-constrained wp-container-core-group-is-layout-5eb1384c wp-block-group-is-layout-constrained\" style=\"margin-top:0;margin-bottom:0;padding-top:var(--wp--preset--spacing--superbspacing-xsmall);padding-right:var(--wp--preset--spacing--superbspacing-small);padding-bottom:var(--wp--preset--spacing--superbspacing-xsmall);padding-left:var(--wp--preset--spacing--superbspacing-small)\">\n<div class=\"wp-block-columns alignwide are-vertically-aligned-center is-layout-flex wp-container-core-columns-is-layout-25593187 wp-block-columns-is-layout-flex\">\n<div class=\"wp-block-column is-vertically-aligned-center is-layout-flow wp-container-core-column-is-layout-b101977f wp-block-column-is-layout-flow\" style=\"padding-right:0;padding-bottom:0;padding-left:0\">\n<div class=\"wp-block-query is-layout-flow wp-block-query-is-layout-flow\"><\/div>\n<\/div>\n\n\n\n<div class=\"wp-block-column is-vertically-aligned-center is-layout-flow wp-container-core-column-is-layout-a1628350 wp-block-column-is-layout-flow\" style=\"padding-top:0;padding-right:0;padding-bottom:0;padding-left:0\">\n<ul class=\"wp-block-social-links has-small-icon-size has-icon-color is-style-logos-only is-content-justification-right is-layout-flex wp-container-core-social-links-is-layout-d445cf74 wp-block-social-links-is-layout-flex\"><li style=\"color:#FFFFFF;\" class=\"wp-social-link wp-social-link-facebook has-contrast-light-color wp-block-social-link\"><a rel=\"noopener nofollow\" target=\"_blank\" href=\"https:\/\/www.facebook.com\/\" class=\"wp-block-social-link-anchor\"><svg width=\"24\" height=\"24\" viewBox=\"0 0 24 24\" version=\"1.1\" xmlns=\"http:\/\/www.w3.org\/2000\/svg\" aria-hidden=\"true\" focusable=\"false\"><path d=\"M12 2C6.5 2 2 6.5 2 12c0 5 3.7 9.1 8.4 9.9v-7H7.9V12h2.5V9.8c0-2.5 1.5-3.9 3.8-3.9 1.1 0 2.2.2 2.2.2v2.5h-1.3c-1.2 0-1.6.8-1.6 1.6V12h2.8l-.4 2.9h-2.3v7C18.3 21.1 22 17 22 12c0-5.5-4.5-10-10-10z\"><\/path><\/svg><span class=\"wp-block-social-link-label screen-reader-text\">Facebook<\/span><\/a><\/li>\n\n<li style=\"color:#FFFFFF;\" class=\"wp-social-link wp-social-link-youtube has-contrast-light-color wp-block-social-link\"><a rel=\"noopener nofollow\" target=\"_blank\" href=\"https:\/\/www.youtube.com\/\" class=\"wp-block-social-link-anchor\"><svg width=\"24\" height=\"24\" viewBox=\"0 0 24 24\" version=\"1.1\" xmlns=\"http:\/\/www.w3.org\/2000\/svg\" aria-hidden=\"true\" focusable=\"false\"><path d=\"M21.8,8.001c0,0-0.195-1.378-0.795-1.985c-0.76-0.797-1.613-0.801-2.004-0.847c-2.799-0.202-6.997-0.202-6.997-0.202 h-0.009c0,0-4.198,0-6.997,0.202C4.608,5.216,3.756,5.22,2.995,6.016C2.395,6.623,2.2,8.001,2.2,8.001S2,9.62,2,11.238v1.517 c0,1.618,0.2,3.237,0.2,3.237s0.195,1.378,0.795,1.985c0.761,0.797,1.76,0.771,2.205,0.855c1.6,0.153,6.8,0.201,6.8,0.201 s4.203-0.006,7.001-0.209c0.391-0.047,1.243-0.051,2.004-0.847c0.6-0.607,0.795-1.985,0.795-1.985s0.2-1.618,0.2-3.237v-1.517 C22,9.62,21.8,8.001,21.8,8.001z M9.935,14.594l-0.001-5.62l5.404,2.82L9.935,14.594z\"><\/path><\/svg><span class=\"wp-block-social-link-label screen-reader-text\">YouTube<\/span><\/a><\/li>\n\n<li style=\"color:#FFFFFF;\" class=\"wp-social-link wp-social-link-instagram has-contrast-light-color wp-block-social-link\"><a rel=\"noopener nofollow\" target=\"_blank\" href=\"https:\/\/www.instagram.com\/\" class=\"wp-block-social-link-anchor\"><svg width=\"24\" height=\"24\" viewBox=\"0 0 24 24\" version=\"1.1\" xmlns=\"http:\/\/www.w3.org\/2000\/svg\" aria-hidden=\"true\" focusable=\"false\"><path d=\"M12,4.622c2.403,0,2.688,0.009,3.637,0.052c0.877,0.04,1.354,0.187,1.671,0.31c0.42,0.163,0.72,0.358,1.035,0.673 c0.315,0.315,0.51,0.615,0.673,1.035c0.123,0.317,0.27,0.794,0.31,1.671c0.043,0.949,0.052,1.234,0.052,3.637 s-0.009,2.688-0.052,3.637c-0.04,0.877-0.187,1.354-0.31,1.671c-0.163,0.42-0.358,0.72-0.673,1.035 c-0.315,0.315-0.615,0.51-1.035,0.673c-0.317,0.123-0.794,0.27-1.671,0.31c-0.949,0.043-1.233,0.052-3.637,0.052 s-2.688-0.009-3.637-0.052c-0.877-0.04-1.354-0.187-1.671-0.31c-0.42-0.163-0.72-0.358-1.035-0.673 c-0.315-0.315-0.51-0.615-0.673-1.035c-0.123-0.317-0.27-0.794-0.31-1.671C4.631,14.688,4.622,14.403,4.622,12 s0.009-2.688,0.052-3.637c0.04-0.877,0.187-1.354,0.31-1.671c0.163-0.42,0.358-0.72,0.673-1.035 c0.315-0.315,0.615-0.51,1.035-0.673c0.317-0.123,0.794-0.27,1.671-0.31C9.312,4.631,9.597,4.622,12,4.622 M12,3 C9.556,3,9.249,3.01,8.289,3.054C7.331,3.098,6.677,3.25,6.105,3.472C5.513,3.702,5.011,4.01,4.511,4.511 c-0.5,0.5-0.808,1.002-1.038,1.594C3.25,6.677,3.098,7.331,3.054,8.289C3.01,9.249,3,9.556,3,12c0,2.444,0.01,2.751,0.054,3.711 c0.044,0.958,0.196,1.612,0.418,2.185c0.23,0.592,0.538,1.094,1.038,1.594c0.5,0.5,1.002,0.808,1.594,1.038 c0.572,0.222,1.227,0.375,2.185,0.418C9.249,20.99,9.556,21,12,21s2.751-0.01,3.711-0.054c0.958-0.044,1.612-0.196,2.185-0.418 c0.592-0.23,1.094-0.538,1.594-1.038c0.5-0.5,0.808-1.002,1.038-1.594c0.222-0.572,0.375-1.227,0.418-2.185 C20.99,14.751,21,14.444,21,12s-0.01-2.751-0.054-3.711c-0.044-0.958-0.196-1.612-0.418-2.185c-0.23-0.592-0.538-1.094-1.038-1.594 c-0.5-0.5-1.002-0.808-1.594-1.038c-0.572-0.222-1.227-0.375-2.185-0.418C14.751,3.01,14.444,3,12,3L12,3z M12,7.378 c-2.552,0-4.622,2.069-4.622,4.622S9.448,16.622,12,16.622s4.622-2.069,4.622-4.622S14.552,7.378,12,7.378z M12,15 c-1.657,0-3-1.343-3-3s1.343-3,3-3s3,1.343,3,3S13.657,15,12,15z M16.804,6.116c-0.596,0-1.08,0.484-1.08,1.08 s0.484,1.08,1.08,1.08c0.596,0,1.08-0.484,1.08-1.08S17.401,6.116,16.804,6.116z\"><\/path><\/svg><span class=\"wp-block-social-link-label screen-reader-text\">Instagram<\/span><\/a><\/li><\/ul>\n<\/div>\n<\/div>\n<\/div>\n\n\n\n<div class=\"wp-block-group is-layout-grid wp-container-core-group-is-layout-b757edec wp-block-group-is-layout-grid\">\n<figure class=\"wp-block-image size-full\"><img loading=\"lazy\" decoding=\"async\" width=\"960\" height=\"721\" src=\"http:\/\/www.sarip.vlab.fi\/wp\/wp-content\/uploads\/2026\/01\/blogi-aaron-burden-unsplash.png\" alt=\"\" class=\"wp-image-275\" srcset=\"http:\/\/www.sarip.vlab.fi\/wp\/wp-content\/uploads\/2026\/01\/blogi-aaron-burden-unsplash.png 960w, http:\/\/www.sarip.vlab.fi\/wp\/wp-content\/uploads\/2026\/01\/blogi-aaron-burden-unsplash-300x225.png 300w, http:\/\/www.sarip.vlab.fi\/wp\/wp-content\/uploads\/2026\/01\/blogi-aaron-burden-unsplash-768x577.png 768w\" sizes=\"auto, (max-width: 960px) 100vw, 960px\" \/><\/figure>\n\n\n\n<div class=\"wp-block-group is-vertical is-layout-flex wp-container-core-group-is-layout-fe9cc265 wp-block-group-is-layout-flex\">\n<h2 class=\"wp-block-heading\">Jasonin matka kahvipapujen maahan<\/h2>\n\n\n\n<p>Aikamoinen seikkailu h\u00e4nt\u00e4 odottikin brasilialaisella kahviviljelm\u00e4ll\u00e4! Seuraava blogi julkaistaan t\u00e4ll\u00e4 alustalla ja sosiaalisen median kanavissamme keskiviikkona 15.1. <\/p>\n<\/div>\n<\/div>\n\n\n\n<h2 class=\"wp-block-heading\">We love yritt\u00e4j\u00e4t: tutustu Tuolidiiliin<\/h2>\n\n\n<div class=\"wp-block-post-date__modified-date wp-block-post-date\"><time datetime=\"2026-01-08T16:49:43+02:00\">8.1.2026<\/time><\/div>\n\n\n<p>Me The Beanissa toivomme, ett\u00e4 kahvila voisi olla monen uuden innovaation synnyinsija.<a href=\"http:\/\/www.sarip.vlab.fi\/wp\/86-2\/\"> Lue lis\u00e4\u00e4<\/a>.<\/p>\n\n\n<div class=\"wp-elements-6f103be04593ef3f86fe4c55d5212306 wp-block-post-time-to-read has-text-color has-primary-color has-superbfont-xxsmall-font-size\">1\u20132 minuuttia<\/div>\n\n\n<figure class=\"wp-block-image size-full\"><img loading=\"lazy\" decoding=\"async\" width=\"38\" height=\"64\" src=\"http:\/\/www.sarip.vlab.fi\/wp\/wp-content\/uploads\/2026\/01\/kyna_pixabay-38x64-1.png\" alt=\"\" class=\"wp-image-200\"\/><\/figure>\n\n\n\n<h2 class=\"wp-block-heading\">Haluaisitko j\u00e4rjest\u00e4\u00e4 juhlasi meill\u00e4?<\/h2>\n\n\n<div class=\"wp-block-post-date\"><time datetime=\"2026-01-08T16:49:43+02:00\">8.1.2026<\/time><\/div>\n\n\n<p>Mik\u00e4\u00e4n syy ei ole liian pieni j\u00e4rjest\u00e4\u00e4 mukava kohtaaminen. <a href=\"http:\/\/www.sarip.vlab.fi\/wp\/159-2\/\">Lue lis\u00e4\u00e4 tilanvuokrauksesta<\/a>.<\/p>\n\n\n<div class=\"wp-elements-6f103be04593ef3f86fe4c55d5212306 wp-block-post-time-to-read has-text-color has-primary-color has-superbfont-xxsmall-font-size\">1\u20132 minuuttia<\/div>\n\n\n<figure class=\"wp-block-image size-full\"><img loading=\"lazy\" decoding=\"async\" width=\"38\" height=\"64\" src=\"http:\/\/www.sarip.vlab.fi\/wp\/wp-content\/uploads\/2026\/01\/kyna_pixabay-38x64-2.png\" alt=\"\" class=\"wp-image-203\"\/><\/figure>\n\n\n\n<h2 class=\"wp-block-heading\">Uusi kahvilamenu on julkaistu<\/h2>\n\n\n<div class=\"wp-block-post-date\"><time datetime=\"2026-01-08T16:49:43+02:00\">8.1.2026<\/time><\/div>\n\n\n<p>Tule maistamaan uusia t\u00e4ytettyj\u00e4 leipi\u00e4mme. Ne viev\u00e4t n\u00e4l\u00e4n menness\u00e4\u00e4n. <a href=\"http:\/\/www.sarip.vlab.fi\/wp\/97-2\/\">Tutustu menuun t\u00e4st\u00e4.<\/a><\/p>\n\n\n<div class=\"wp-elements-6f103be04593ef3f86fe4c55d5212306 wp-block-post-time-to-read has-text-color has-primary-color has-superbfont-xxsmall-font-size\">1\u20132 minuuttia<\/div>\n\n\n<figure class=\"wp-block-image size-full\"><img loading=\"lazy\" decoding=\"async\" width=\"38\" height=\"64\" src=\"http:\/\/www.sarip.vlab.fi\/wp\/wp-content\/uploads\/2026\/01\/kyna_pixabay-38x64-3.png\" alt=\"\" class=\"wp-image-205\"\/><\/figure>\n\n\n\n<h2 class=\"wp-block-heading\">Jos kaksi syd\u00e4nt\u00e4 eiv\u00e4t olisikaan kohdanneet&#8230;<\/h2>\n\n\n<div class=\"wp-block-post-date\"><time datetime=\"2026-01-08T16:49:43+02:00\">8.1.2026<\/time><\/div>\n\n\n<p>Tiesitk\u00f6, ett\u00e4 baristamme Jason Tremblay tapasi vaimonsa, kun h\u00e4n oli suostunut vaihtamaan kaverinsa kanssa ty\u00f6vuoroa? Kaveri oli menossa treffeille. Eip\u00e4 Jason tiennyt, ett\u00e4 se ty\u00f6vuoro muuttaisi kaiken. <a href=\"http:\/\/www.sarip.vlab.fi\/wp\/73-2\/\">Lue Jasonin matkasta Suomeen t\u00e4st\u00e4.<\/a><\/p>\n\n\n<div class=\"wp-elements-6f103be04593ef3f86fe4c55d5212306 wp-block-post-time-to-read has-text-color has-primary-color has-superbfont-xxsmall-font-size\">1\u20132 minuuttia<\/div>\n\n\n<figure class=\"wp-block-image size-full\"><img loading=\"lazy\" decoding=\"async\" width=\"38\" height=\"64\" src=\"http:\/\/www.sarip.vlab.fi\/wp\/wp-content\/uploads\/2026\/01\/kyna_pixabay-38x64-4.png\" alt=\"\" class=\"wp-image-209\"\/><\/figure>\n\n\n\n<div class=\"wp-block-group alignfull has-global-padding is-layout-constrained wp-container-core-group-is-layout-fa6a2fc9 wp-block-group-is-layout-constrained\" style=\"border-bottom-color:var(--wp--preset--color--mono-3);border-bottom-width:1px;margin-top:0;margin-bottom:0;padding-top:var(--wp--preset--spacing--superbspacing-large);padding-right:var(--wp--preset--spacing--superbspacing-small);padding-bottom:var(--wp--preset--spacing--superbspacing-large);padding-left:var(--wp--preset--spacing--superbspacing-small)\">\n<h2 class=\"wp-block-heading has-text-align-center has-featured-color has-text-color has-superbfont-xsmall-font-size\" style=\"font-style:normal;font-weight:700;letter-spacing:0px\">TOMPPA, THE BEANIN ASIAKAS IKKUNAP\u00d6YD\u00c4SS\u00c4:<\/h2>\n\n\n\n<div class=\"wp-block-group is-layout-flow wp-container-core-group-is-layout-3fbca637 wp-block-group-is-layout-flow\">\n<p class=\"has-text-align-center has-superbfont-xlarge-font-size\">Puhdas p\u00f6yt\u00e4, vilisev\u00e4 katu, h\u00f6yry\u00e4v\u00e4 kuppi ja tyhj\u00e4 lehti\u00f6 her\u00e4tt\u00e4v\u00e4t minussa LUOVUUDEN &amp; INNOSTUKSEN uuteen.<\/p>\n<\/div>\n<\/div>\n\n\n\n<figure class=\"wp-block-image aligncenter size-full\"><img loading=\"lazy\" decoding=\"async\" width=\"123\" height=\"128\" src=\"http:\/\/www.sarip.vlab.fi\/wp\/wp-content\/uploads\/2026\/01\/logo-123x128-4.png\" alt=\"\" class=\"wp-image-211\"\/><\/figure>\n","protected":false},"excerpt":{"rendered":"<p>Jasonin matka kahvipapujen maahan Aikamoinen seikkailu h\u00e4nt\u00e4 odottikin brasilialaisella kahviviljelm\u00e4ll\u00e4! Seuraava blogi julkaistaan t\u00e4ll\u00e4 alustalla ja sosiaalisen median kanavissamme keskiviikkona 15.1. We love yritt\u00e4j\u00e4t: tutustu Tuolidiiliin Me The Beanissa toivomme, ett\u00e4 kahvila voisi olla monen uuden innovaation synnyinsija. Lue lis\u00e4\u00e4. Haluaisitko j\u00e4rjest\u00e4\u00e4 juhlasi meill\u00e4? Mik\u00e4\u00e4n syy ei ole liian pieni j\u00e4rjest\u00e4\u00e4 mukava kohtaaminen. Lue lis\u00e4\u00e4 [&hellip;]<\/p>\n","protected":false},"author":1,"featured_media":0,"parent":0,"menu_order":0,"comment_status":"closed","ping_status":"closed","template":"","meta":{"om_disable_all_campaigns":false,"_monsterinsights_skip_tracking":false,"_monsterinsights_sitenote_active":false,"_monsterinsights_sitenote_note":"","_monsterinsights_sitenote_category":0,"footnotes":""},"class_list":["post-163","page","type-page","status-publish","hentry"],"aioseo_notices":[],"_links":{"self":[{"href":"http:\/\/www.sarip.vlab.fi\/wp\/wp-json\/wp\/v2\/pages\/163","targetHints":{"allow":["GET"]}}],"collection":[{"href":"http:\/\/www.sarip.vlab.fi\/wp\/wp-json\/wp\/v2\/pages"}],"about":[{"href":"http:\/\/www.sarip.vlab.fi\/wp\/wp-json\/wp\/v2\/types\/page"}],"author":[{"embeddable":true,"href":"http:\/\/www.sarip.vlab.fi\/wp\/wp-json\/wp\/v2\/users\/1"}],"replies":[{"embeddable":true,"href":"http:\/\/www.sarip.vlab.fi\/wp\/wp-json\/wp\/v2\/comments?post=163"}],"version-history":[{"count":37,"href":"http:\/\/www.sarip.vlab.fi\/wp\/wp-json\/wp\/v2\/pages\/163\/revisions"}],"predecessor-version":[{"id":293,"href":"http:\/\/www.sarip.vlab.fi\/wp\/wp-json\/wp\/v2\/pages\/163\/revisions\/293"}],"wp:attachment":[{"href":"http:\/\/www.sarip.vlab.fi\/wp\/wp-json\/wp\/v2\/media?parent=163"}],"curies":[{"name":"wp","href":"https:\/\/api.w.org\/{rel}","templated":true}]}}